{"id":39,"date":"2025-01-30T09:23:47","date_gmt":"2025-01-30T09:23:47","guid":{"rendered":"https:\/\/inthepast.org.uk\/contacts\/"},"modified":"2025-01-30T09:23:47","modified_gmt":"2025-01-30T09:23:47","slug":"contacts","status":"publish","type":"page","link":"https:\/\/inthepast.org.uk\/ro\/contacts\/","title":{"rendered":"Contacte"},"content":{"rendered":"<p>Chez <strong>In The Past<\/strong>, nous sommes toujours heureux d&rsquo;entendre vos questions, suggestions et commentaires concernant nos articles et produits. Notre \u00e9quipe est \u00e0 votre disposition pour vous aider et vous fournir toutes les informations dont vous avez besoin.<\/p>\n<p>Si vous avez des questions, n&rsquo;h\u00e9sitez pas \u00e0 nous contacter par email ou via le formulaire ci-dessous. Nous nous engageons \u00e0 vous r\u00e9pondre dans les plus brefs d\u00e9lais.<\/p>\n<h2>Envoyez-nous un message:<\/h2>\n<form action=\"\/ro\/submit_form\/\" method=\"POST\" data-trp-original-action=\"\/submit_form\">\n            <label for=\"name\">Nom:<\/label><br \/>\n            <input type=\"text\" id=\"name\" name=\"name\" required><\/p>\n<p>            <label for=\"email\">Email:<\/label><br \/>\n            <input type=\"email\" id=\"email\" name=\"email\" required><\/p>\n<p>            <label for=\"message\">Votre message:<\/label><br \/>\n            <textarea id=\"message\" name=\"message\" rows=\"4\" cols=\"50\" required><\/textarea><\/p>\n<p>            <input type=\"submit\" value=\"Envoyer\"><br \/>\n        <input type=\"hidden\" name=\"trp-form-language\" value=\"ro\"\/><\/form>\n<h2>Nous contacter par email:<\/h2>\n<p>Vous pouvez \u00e9galement nous envoyer vos questions et suggestions directement \u00e0 <a href=\"mailto:contact@inthepast.org.uk\">contact@inthepast.org.uk<\/a>.<\/p>","protected":false},"excerpt":{"rendered":"<p>Chez In The Past, nous sommes toujours heureux d&rsquo;entendre vos questions, suggestions et commentaires concernant nos articles et produits. Notre \u00e9quipe est \u00e0 votre disposition pour vous aider et vous fournir toutes les informations dont vous avez besoin. Si vous avez des questions, n&rsquo;h\u00e9sitez pas \u00e0 nous contacter par email ou via le formulaire ci-dessous. Nous nous engageons \u00e0 vous r\u00e9pondre dans les plus brefs &hellip; <a href=\"https:\/\/inthepast.org.uk\/ro\/contacts\/\" class=\"more-link\">Continu\u0103 s\u0103 cite\u0219ti <span class=\"screen-reader-text\">Contacte<\/span><\/a><\/p>","protected":false},"author":1,"featured_media":0,"parent":0,"menu_order":0,"comment_status":"closed","ping_status":"closed","template":"","meta":{"_acf_changed":false,"footnotes":""},"class_list":["post-39","page","type-page","status-publish","hentry"],"acf":[],"yoast_head":"<!-- This site is optimized with the Yoast SEO plugin v23.2 - https:\/\/yoast.com\/wordpress\/plugins\/seo\/ -->\n<title>Contactez-nous | inthepast.org.uk<\/title>\n<meta name=\"description\" content=\"Contactez notre \u00e9quipe pour toute question ou suggestion. Nous r\u00e9pondons rapidement et avec soin \u00e0 toutes vos demandes.\" \/>\n<meta name=\"robots\" content=\"index, follow, max-snippet:-1, max-image-preview:large, max-video-preview:-1\" \/>\n<link rel=\"canonical\" href=\"https:\/\/inthepast.org.uk\/ro\/contacts\/\" \/>\n<meta property=\"og:locale\" content=\"ro_RO\" \/>\n<meta property=\"og:type\" content=\"article\" \/>\n<meta property=\"og:title\" content=\"Contactez-nous | inthepast.org.uk\" \/>\n<meta property=\"og:description\" content=\"Contactez notre \u00e9quipe pour toute question ou suggestion. Nous r\u00e9pondons rapidement et avec soin \u00e0 toutes vos demandes.\" \/>\n<meta property=\"og:url\" content=\"https:\/\/inthepast.org.uk\/ro\/contacts\/\" \/>\n<meta property=\"og:site_name\" content=\"inthepast.org.uk\" \/>\n<meta name=\"twitter:card\" content=\"summary_large_image\" \/>\n<script type=\"application\/ld+json\" class=\"yoast-schema-graph\">{\"@context\":\"https:\/\/schema.org\",\"@graph\":[{\"@type\":\"WebPage\",\"@id\":\"https:\/\/inthepast.org.uk\/contacts\/\",\"url\":\"https:\/\/inthepast.org.uk\/contacts\/\",\"name\":\"Contactez-nous | inthepast.org.uk\",\"isPartOf\":{\"@id\":\"https:\/\/inthepast.org.uk\/#website\"},\"datePublished\":\"2025-01-30T09:23:47+00:00\",\"dateModified\":\"2025-01-30T09:23:47+00:00\",\"description\":\"Contactez notre \u00e9quipe pour toute question ou suggestion. Nous r\u00e9pondons rapidement et avec soin \u00e0 toutes vos demandes.\",\"breadcrumb\":{\"@id\":\"https:\/\/inthepast.org.uk\/contacts\/#breadcrumb\"},\"inLanguage\":\"ro-RO\",\"potentialAction\":[{\"@type\":\"ReadAction\",\"target\":[\"https:\/\/inthepast.org.uk\/contacts\/\"]}]},{\"@type\":\"BreadcrumbList\",\"@id\":\"https:\/\/inthepast.org.uk\/contacts\/#breadcrumb\",\"itemListElement\":[{\"@type\":\"ListItem\",\"position\":1,\"name\":\"Home\",\"item\":\"https:\/\/inthepast.org.uk\/\"},{\"@type\":\"ListItem\",\"position\":2,\"name\":\"Contacts\"}]},{\"@type\":\"WebSite\",\"@id\":\"https:\/\/inthepast.org.uk\/#website\",\"url\":\"https:\/\/inthepast.org.uk\/\",\"name\":\"inthepast.org.uk\",\"description\":\"Tendances Mode &amp; Conseils Vestimentaires\",\"potentialAction\":[{\"@type\":\"SearchAction\",\"target\":{\"@type\":\"EntryPoint\",\"urlTemplate\":\"https:\/\/inthepast.org.uk\/?s={search_term_string}\"},\"query-input\":\"required name=search_term_string\"}],\"inLanguage\":\"ro-RO\"}]}<\/script>\n<!-- \/ Yoast SEO plugin. -->","yoast_head_json":{"title":"Contactez-nous | inthepast.org.uk","description":"Contactez notre \u00e9quipe pour toute question ou suggestion. Nous r\u00e9pondons rapidement et avec soin \u00e0 toutes vos demandes.","robots":{"index":"index","follow":"follow","max-snippet":"max-snippet:-1","max-image-preview":"max-image-preview:large","max-video-preview":"max-video-preview:-1"},"canonical":"https:\/\/inthepast.org.uk\/ro\/contacts\/","og_locale":"ro_RO","og_type":"article","og_title":"Contactez-nous | inthepast.org.uk","og_description":"Contactez notre \u00e9quipe pour toute question ou suggestion. Nous r\u00e9pondons rapidement et avec soin \u00e0 toutes vos demandes.","og_url":"https:\/\/inthepast.org.uk\/ro\/contacts\/","og_site_name":"inthepast.org.uk","twitter_card":"summary_large_image","schema":{"@context":"https:\/\/schema.org","@graph":[{"@type":"WebPage","@id":"https:\/\/inthepast.org.uk\/contacts\/","url":"https:\/\/inthepast.org.uk\/contacts\/","name":"Contactez-nous | inthepast.org.uk","isPartOf":{"@id":"https:\/\/inthepast.org.uk\/#website"},"datePublished":"2025-01-30T09:23:47+00:00","dateModified":"2025-01-30T09:23:47+00:00","description":"Contactez notre \u00e9quipe pour toute question ou suggestion. Nous r\u00e9pondons rapidement et avec soin \u00e0 toutes vos demandes.","breadcrumb":{"@id":"https:\/\/inthepast.org.uk\/contacts\/#breadcrumb"},"inLanguage":"ro-RO","potentialAction":[{"@type":"ReadAction","target":["https:\/\/inthepast.org.uk\/contacts\/"]}]},{"@type":"BreadcrumbList","@id":"https:\/\/inthepast.org.uk\/contacts\/#breadcrumb","itemListElement":[{"@type":"ListItem","position":1,"name":"Home","item":"https:\/\/inthepast.org.uk\/"},{"@type":"ListItem","position":2,"name":"Contacts"}]},{"@type":"WebSite","@id":"https:\/\/inthepast.org.uk\/#website","url":"https:\/\/inthepast.org.uk\/","name":"inthepast.org.uk","description":"Tendances Mode &amp; Conseils Vestimentaires","potentialAction":[{"@type":"SearchAction","target":{"@type":"EntryPoint","urlTemplate":"https:\/\/inthepast.org.uk\/?s={search_term_string}"},"query-input":"required name=search_term_string"}],"inLanguage":"ro-RO"}]}},"yoast_meta":{"yoast_wpseo_title":"","yoast_wpseo_metadesc":"","yoast_wpseo_canonical":"https:\/\/inthepast.org.uk\/ro\/wp-json\/wp\/v2\/pages\/39"},"_links":{"self":[{"href":"https:\/\/inthepast.org.uk\/ro\/wp-json\/wp\/v2\/pages\/39","targetHints":{"allow":["GET"]}}],"collection":[{"href":"https:\/\/inthepast.org.uk\/ro\/wp-json\/wp\/v2\/pages"}],"about":[{"href":"https:\/\/inthepast.org.uk\/ro\/wp-json\/wp\/v2\/types\/page"}],"author":[{"embeddable":true,"href":"https:\/\/inthepast.org.uk\/ro\/wp-json\/wp\/v2\/users\/1"}],"replies":[{"embeddable":true,"href":"https:\/\/inthepast.org.uk\/ro\/wp-json\/wp\/v2\/comments?post=39"}],"version-history":[{"count":0,"href":"https:\/\/inthepast.org.uk\/ro\/wp-json\/wp\/v2\/pages\/39\/revisions"}],"wp:attachment":[{"href":"https:\/\/inthepast.org.uk\/ro\/wp-json\/wp\/v2\/media?parent=39"}],"curies":[{"name":"wp","href":"https:\/\/api.w.org\/{rel}","templated":true}]}}